{"id":408,"date":"2025-02-05T15:20:26","date_gmt":"2025-02-05T15:20:26","guid":{"rendered":"http:\/\/www.kosmetikstudio-kohls.de\/?page_id=408"},"modified":"2025-05-13T14:50:04","modified_gmt":"2025-05-13T14:50:04","slug":"produkte","status":"publish","type":"page","link":"http:\/\/www.kosmetikstudio-kohls.de\/?page_id=408","title":{"rendered":"Produkte"},"content":{"rendered":"\t\t<div data-elementor-type=\"wp-post\" data-elementor-id=\"408\" class=\"elementor elementor-408 elementor-bc-flex-widget\">\n\t\t\t\t\t\t<section class=\"elementor-section elementor-top-section elementor-element elementor-element-126c51f elementor-section-height-min-height elementor-section-boxed elementor-section-height-default elementor-section-items-middle elementor-invisible\" data-id=\"126c51f\" data-element_type=\"section\" data-settings=\"{&quot;background_background&quot;:&quot;classic&quot;,&quot;animation&quot;:&quot;slideInDown&quot;}\">\n\t\t\t\t\t\t\t<div class=\"elementor-background-overlay\"><\/div>\n\t\t\t\t\t\t\t<div class=\"elementor-container elementor-column-gap-default\">\n\t\t\t\t\t<div class=\"elementor-column elementor-col-100 elementor-top-column elementor-element elementor-element-8c0d650\" data-id=\"8c0d650\" data-element_type=\"column\" data-settings=\"{&quot;background_background&quot;:&quot;classic&quot;}\">\n\t\t\t<div class=\"elementor-widget-wrap elementor-element-populated\">\n\t\t\t\t\t\t<div class=\"elementor-element elementor-element-e94fb29 elementor-widget elementor-widget-heading\" data-id=\"e94fb29\" data-element_type=\"widget\" data-widget_type=\"heading.default\">\n\t\t\t\t<div class=\"elementor-widget-container\">\n\t\t\t\t\t<h3 class=\"elementor-heading-title elementor-size-large\">Kosmetik Produkte<\/h3>\t\t\t\t<\/div>\n\t\t\t\t<\/div>\n\t\t\t\t<div class=\"elementor-element elementor-element-1ee3329 elementor-widget-divider--view-line elementor-widget elementor-widget-divider\" data-id=\"1ee3329\" data-element_type=\"widget\" data-widget_type=\"divider.default\">\n\t\t\t\t<div class=\"elementor-widget-container\">\n\t\t\t\t\t\t\t<div class=\"elementor-divider\">\n\t\t\t<span class=\"elementor-divider-separator\">\n\t\t\t\t\t\t<\/span>\n\t\t<\/div>\n\t\t\t\t\t\t<\/div>\n\t\t\t\t<\/div>\n\t\t\t\t<div class=\"elementor-element elementor-element-5026443 elementor-widget elementor-widget-image\" data-id=\"5026443\" data-element_type=\"widget\" data-widget_type=\"image.default\">\n\t\t\t\t<div class=\"elementor-widget-container\">\n\t\t\t\t\t\t\t\t\t\t\t\t\t\t\t<img decoding=\"async\" src=\"http:\/\/www.kosmetikstudio-kohls.de\/wp-content\/uploads\/2025\/02\/GreenTecLogo-2024.svg\" class=\"attachment-full size-full wp-image-409\" alt=\"\" \/>\t\t\t\t\t\t\t\t\t\t\t\t\t\t\t<\/div>\n\t\t\t\t<\/div>\n\t\t\t\t<section class=\"elementor-section elementor-inner-section elementor-element elementor-element-def31b7 elementor-section-boxed elementor-section-height-default elementor-section-height-default\" data-id=\"def31b7\" data-element_type=\"section\" data-settings=\"{&quot;background_background&quot;:&quot;classic&quot;}\">\n\t\t\t\t\t\t\t<div class=\"elementor-background-overlay\"><\/div>\n\t\t\t\t\t\t\t<div class=\"elementor-container elementor-column-gap-wider\">\n\t\t\t\t\t<div class=\"elementor-column elementor-col-100 elementor-inner-column elementor-element elementor-element-294f793\" data-id=\"294f793\" data-element_type=\"column\" data-settings=\"{&quot;background_background&quot;:&quot;classic&quot;}\">\n\t\t\t<div class=\"elementor-widget-wrap elementor-element-populated\">\n\t\t\t\t\t\t<div class=\"elementor-element elementor-element-92132d8 elementor-widget elementor-widget-heading\" data-id=\"92132d8\" data-element_type=\"widget\" data-widget_type=\"heading.default\">\n\t\t\t\t<div class=\"elementor-widget-container\">\n\t\t\t\t\t<h3 class=\"elementor-heading-title elementor-size-large\">DR.BELTER\u00ae COSMETIC \n(Qualit\u00e4t - made in Germany)<\/h3>\t\t\t\t<\/div>\n\t\t\t\t<\/div>\n\t\t\t\t<div class=\"elementor-element elementor-element-bcedfb6 elementor-widget elementor-widget-text-editor\" data-id=\"bcedfb6\" data-element_type=\"widget\" data-widget_type=\"text-editor.default\">\n\t\t\t\t<div class=\"elementor-widget-container\">\n\t\t\t\t\t\t\t\t\t<p>ist naturverbundene, naturwissenschaftlich fundierte Hautpflege aus ausgesuchten, dermatologisch sinnvollen Rohstoffen. Das umfassende Pflege- und Behandlungsprogramm besteht aus 12 Pflegelinien zur aktiven Sch\u00f6nheitspflege f\u00fcr jedes Hautbild.<\/p><p>Mit unseren Pr\u00e4paraten k\u00f6nnen auch empfindlichste und problematischste Hauttypen erfolgreich behandelt werden. Die exklusiven Behandlungsmethoden verbinden Wirksamkeit und Wellness harmonisch miteinander.<\/p><p>Bestellen Sie Ihre DR.BELTER\u00ae Pflege <br \/>jederzeit in meinem Onlineshop<br \/><br \/><\/p>\t\t\t\t\t\t\t\t<\/div>\n\t\t\t\t<\/div>\n\t\t\t\t<div class=\"elementor-element elementor-element-9cb3d19 elementor-widget elementor-widget-text-editor\" data-id=\"9cb3d19\" data-element_type=\"widget\" data-widget_type=\"text-editor.default\">\n\t\t\t\t<div class=\"elementor-widget-container\">\n\t\t\t\t\t\t\t\t\t<p><strong><a href=\"http:\/\/Kosmetikstudio-Nicole-Kohls.belter-cosmetic.com\" target=\"_blank\" rel=\"noopener\">Zum DR.BELTER Online-Shop<\/a><br \/><\/strong><\/p>\t\t\t\t\t\t\t\t<\/div>\n\t\t\t\t<\/div>\n\t\t\t\t\t<\/div>\n\t\t<\/div>\n\t\t\t\t\t<\/div>\n\t\t<\/section>\n\t\t\t\t<div class=\"elementor-element elementor-element-3969499 elementor-widget-divider--view-line elementor-widget elementor-widget-divider\" data-id=\"3969499\" data-element_type=\"widget\" data-widget_type=\"divider.default\">\n\t\t\t\t<div class=\"elementor-widget-container\">\n\t\t\t\t\t\t\t<div class=\"elementor-divider\">\n\t\t\t<span class=\"elementor-divider-separator\">\n\t\t\t\t\t\t<\/span>\n\t\t<\/div>\n\t\t\t\t\t\t<\/div>\n\t\t\t\t<\/div>\n\t\t\t\t<section class=\"elementor-section elementor-inner-section elementor-element elementor-element-6bd9fc0 elementor-section-boxed elementor-section-height-default elementor-section-height-default\" data-id=\"6bd9fc0\" data-element_type=\"section\" data-settings=\"{&quot;background_background&quot;:&quot;classic&quot;}\">\n\t\t\t\t\t\t\t<div class=\"elementor-background-overlay\"><\/div>\n\t\t\t\t\t\t\t<div class=\"elementor-container elementor-column-gap-wider\">\n\t\t\t\t\t<div class=\"elementor-column elementor-col-100 elementor-inner-column elementor-element elementor-element-b8ffe5c\" data-id=\"b8ffe5c\" data-element_type=\"column\" data-settings=\"{&quot;background_background&quot;:&quot;classic&quot;}\">\n\t\t\t<div class=\"elementor-widget-wrap elementor-element-populated\">\n\t\t\t\t\t\t<div class=\"elementor-element elementor-element-4a8b78a elementor-widget elementor-widget-image\" data-id=\"4a8b78a\" data-element_type=\"widget\" data-widget_type=\"image.default\">\n\t\t\t\t<div class=\"elementor-widget-container\">\n\t\t\t\t\t\t\t\t\t\t\t\t\t\t\t<img fetchpriority=\"high\" decoding=\"async\" width=\"840\" height=\"320\" src=\"http:\/\/www.kosmetikstudio-kohls.de\/wp-content\/uploads\/2025\/02\/dr-schrammek-kosmetik-logo-x2-Kopie.jpg\" class=\"attachment-full size-full wp-image-416\" alt=\"\" srcset=\"http:\/\/www.kosmetikstudio-kohls.de\/wp-content\/uploads\/2025\/02\/dr-schrammek-kosmetik-logo-x2-Kopie.jpg 840w, http:\/\/www.kosmetikstudio-kohls.de\/wp-content\/uploads\/2025\/02\/dr-schrammek-kosmetik-logo-x2-Kopie-300x114.jpg 300w, http:\/\/www.kosmetikstudio-kohls.de\/wp-content\/uploads\/2025\/02\/dr-schrammek-kosmetik-logo-x2-Kopie-768x293.jpg 768w\" sizes=\"(max-width: 840px) 100vw, 840px\" \/>\t\t\t\t\t\t\t\t\t\t\t\t\t\t\t<\/div>\n\t\t\t\t<\/div>\n\t\t\t\t<div class=\"elementor-element elementor-element-381bcf5 elementor-widget elementor-widget-heading\" data-id=\"381bcf5\" data-element_type=\"widget\" data-widget_type=\"heading.default\">\n\t\t\t\t<div class=\"elementor-widget-container\">\n\t\t\t\t\t<h3 class=\"elementor-heading-title elementor-size-large\">Hautpflege von Dr. med. Christine Schrammek Kosmetik<\/h3>\t\t\t\t<\/div>\n\t\t\t\t<\/div>\n\t\t\t\t<div class=\"elementor-element elementor-element-a05663f elementor-widget elementor-widget-text-editor\" data-id=\"a05663f\" data-element_type=\"widget\" data-widget_type=\"text-editor.default\">\n\t\t\t\t<div class=\"elementor-widget-container\">\n\t\t\t\t\t\t\t\t\t<p>Die Pflegeserie von Dr. med. Christine Schrammek Kosmetik wird unter dermatologischen Gesichtspunkten entwickelt. Medizinisch inspiriert \u2010 effizient in der Wirkung f\u00fcr beste Hautpflege. Bei allen Produkten setzen wir High-Tech Wirkstoffe in Kombination mit nat\u00fcrlichen, bew\u00e4hrten Inhaltsstoffen ein. Unsere unterschiedlichen Pflegeserien bieten eine optimal abgestimmte Pflege f\u00fcr unterschiedliche Hauttypen wie unreine Haut, trockene Haut, reife und anspruchsvolle Haut. Bekannt sind unter anderem die Green Peel Sch\u00e4lkur, Blemish Balm und die weiteren Produkte der Hautpflegeserie.<br \/><br \/><\/p>\t\t\t\t\t\t\t\t<\/div>\n\t\t\t\t<\/div>\n\t\t\t\t<div class=\"elementor-element elementor-element-cca9d55 elementor-widget elementor-widget-text-editor\" data-id=\"cca9d55\" data-element_type=\"widget\" data-widget_type=\"text-editor.default\">\n\t\t\t\t<div class=\"elementor-widget-container\">\n\t\t\t\t\t\t\t\t\t<p><strong><a href=\"https:\/\/shop.schrammek.de\/?coupon-code=CS-27206\" target=\"_blank\" rel=\"noopener\">Zum SCHRAMMEK Online-Shop<\/a><br \/><\/strong><\/p>\t\t\t\t\t\t\t\t<\/div>\n\t\t\t\t<\/div>\n\t\t\t\t\t<\/div>\n\t\t<\/div>\n\t\t\t\t\t<\/div>\n\t\t<\/section>\n\t\t\t\t\t<\/div>\n\t\t<\/div>\n\t\t\t\t\t<\/div>\n\t\t<\/section>\n\t\t\t\t<section class=\"elementor-section elementor-top-section elementor-element elementor-element-04277b8 elementor-section-boxed elementor-section-height-default elementor-section-height-default\" data-id=\"04277b8\" data-element_type=\"section\" data-settings=\"{&quot;background_background&quot;:&quot;classic&quot;}\">\n\t\t\t\t\t\t<div class=\"elementor-container elementor-column-gap-wider\">\n\t\t\t\t\t<div class=\"elementor-column elementor-col-100 elementor-top-column elementor-element elementor-element-c5cb10d\" data-id=\"c5cb10d\" data-element_type=\"column\">\n\t\t\t<div class=\"elementor-widget-wrap elementor-element-populated\">\n\t\t\t\t\t\t<div class=\"elementor-element elementor-element-8069cf9 elementor-invisible elementor-widget elementor-widget-heading\" data-id=\"8069cf9\" data-element_type=\"widget\" data-settings=\"{&quot;_animation&quot;:&quot;slideInLeft&quot;}\" data-widget_type=\"heading.default\">\n\t\t\t\t<div class=\"elementor-widget-container\">\n\t\t\t\t\t<h3 class=\"elementor-heading-title elementor-size-large\">Kosmetikstudio - Nicole Kohls<\/h3>\t\t\t\t<\/div>\n\t\t\t\t<\/div>\n\t\t\t\t<section class=\"elementor-section elementor-inner-section elementor-element elementor-element-4adfd81 elementor-section-boxed elementor-section-height-default elementor-section-height-default\" data-id=\"4adfd81\" data-element_type=\"section\">\n\t\t\t\t\t\t<div class=\"elementor-container elementor-column-gap-default\">\n\t\t\t\t\t<div class=\"elementor-column elementor-col-33 elementor-inner-column elementor-element elementor-element-9c97c51\" data-id=\"9c97c51\" data-element_type=\"column\">\n\t\t\t<div class=\"elementor-widget-wrap elementor-element-populated\">\n\t\t\t\t\t\t<div class=\"elementor-element elementor-element-3cb3187 elementor-invisible elementor-widget elementor-widget-text-editor\" data-id=\"3cb3187\" data-element_type=\"widget\" data-settings=\"{&quot;_animation&quot;:&quot;slideInLeft&quot;}\" data-widget_type=\"text-editor.default\">\n\t\t\t\t<div class=\"elementor-widget-container\">\n\t\t\t\t\t\t\t\t\t<p>L\u00fctkenesch 3<br \/>46342 Velen-Ramsdorf<\/p>\t\t\t\t\t\t\t\t<\/div>\n\t\t\t\t<\/div>\n\t\t\t\t\t<\/div>\n\t\t<\/div>\n\t\t\t\t<div class=\"elementor-column elementor-col-66 elementor-inner-column elementor-element elementor-element-06b8bfe\" data-id=\"06b8bfe\" data-element_type=\"column\">\n\t\t\t<div class=\"elementor-widget-wrap elementor-element-populated\">\n\t\t\t\t\t\t<div class=\"elementor-element elementor-element-10aaf5c elementor-invisible elementor-widget elementor-widget-text-editor\" data-id=\"10aaf5c\" data-element_type=\"widget\" data-settings=\"{&quot;_animation&quot;:&quot;fadeInLeft&quot;}\" data-widget_type=\"text-editor.default\">\n\t\t\t\t<div class=\"elementor-widget-container\">\n\t\t\t\t\t\t\t\t\t<p>Telefon: 02863-924397<br \/><a href=\"mailto:info@kosmetikstudio.kohls.de\">info@kosmetikstudio.kohls.de<\/a><\/p>\t\t\t\t\t\t\t\t<\/div>\n\t\t\t\t<\/div>\n\t\t\t\t\t<\/div>\n\t\t<\/div>\n\t\t\t\t\t<\/div>\n\t\t<\/section>\n\t\t\t\t\t<\/div>\n\t\t<\/div>\n\t\t\t\t\t<\/div>\n\t\t<\/section>\n\t\t\t\t<\/div>\n\t\t","protected":false},"excerpt":{"rendered":"<p>Kosmetik Produkte DR.BELTER\u00ae COSMETIC (Qualit\u00e4t &#8211; made in Germany) ist naturverbundene, naturwissenschaftlich fundierte Hautpflege aus ausgesuchten, dermatologisch sinnvollen Rohstoffen. Das umfassende Pflege- und Behandlungsprogramm besteht aus 12 Pflegelinien zur aktiven Sch\u00f6nheitspflege f\u00fcr jedes Hautbild. Mit unseren Pr\u00e4paraten k\u00f6nnen auch empfindlichste und problematischste Hauttypen erfolgreich behandelt werden. Die exklusiven Behandlungsmethoden verbinden Wirksamkeit und Wellness harmonisch miteinander. [&hellip;]<\/p>\n","protected":false},"author":1,"featured_media":0,"parent":0,"menu_order":0,"comment_status":"closed","ping_status":"closed","template":"","meta":{"ocean_post_layout":"full-screen","ocean_both_sidebars_style":"","ocean_both_sidebars_content_width":0,"ocean_both_sidebars_sidebars_width":0,"ocean_sidebar":"0","ocean_second_sidebar":"0","ocean_disable_margins":"enable","ocean_add_body_class":"","ocean_shortcode_before_top_bar":"","ocean_shortcode_after_top_bar":"","ocean_shortcode_before_header":"","ocean_shortcode_after_header":"","ocean_has_shortcode":"","ocean_shortcode_after_title":"","ocean_shortcode_before_footer_widgets":"","ocean_shortcode_after_footer_widgets":"","ocean_shortcode_before_footer_bottom":"","ocean_shortcode_after_footer_bottom":"","ocean_display_top_bar":"default","ocean_display_header":"default","ocean_header_style":"","ocean_center_header_left_menu":"0","ocean_custom_header_template":"0","ocean_custom_logo":0,"ocean_custom_retina_logo":0,"ocean_custom_logo_max_width":0,"ocean_custom_logo_tablet_max_width":0,"ocean_custom_logo_mobile_max_width":0,"ocean_custom_logo_max_height":0,"ocean_custom_logo_tablet_max_height":0,"ocean_custom_logo_mobile_max_height":0,"ocean_header_custom_menu":"0","ocean_menu_typo_font_family":"0","ocean_menu_typo_font_subset":"","ocean_menu_typo_font_size":0,"ocean_menu_typo_font_size_tablet":0,"ocean_menu_typo_font_size_mobile":0,"ocean_menu_typo_font_size_unit":"px","ocean_menu_typo_font_weight":"","ocean_menu_typo_font_weight_tablet":"","ocean_menu_typo_font_weight_mobile":"","ocean_menu_typo_transform":"","ocean_menu_typo_transform_tablet":"","ocean_menu_typo_transform_mobile":"","ocean_menu_typo_line_height":0,"ocean_menu_typo_line_height_tablet":0,"ocean_menu_typo_line_height_mobile":0,"ocean_menu_typo_line_height_unit":"","ocean_menu_typo_spacing":0,"ocean_menu_typo_spacing_tablet":0,"ocean_menu_typo_spacing_mobile":0,"ocean_menu_typo_spacing_unit":"","ocean_menu_link_color":"","ocean_menu_link_color_hover":"","ocean_menu_link_color_active":"","ocean_menu_link_background":"","ocean_menu_link_hover_background":"","ocean_menu_link_active_background":"","ocean_menu_social_links_bg":"","ocean_menu_social_hover_links_bg":"","ocean_menu_social_links_color":"","ocean_menu_social_hover_links_color":"","ocean_disable_title":"default","ocean_disable_heading":"default","ocean_post_title":"","ocean_post_subheading":"","ocean_post_title_style":"","ocean_post_title_background_color":"","ocean_post_title_background":0,"ocean_post_title_bg_image_position":"","ocean_post_title_bg_image_attachment":"","ocean_post_title_bg_image_repeat":"","ocean_post_title_bg_image_size":"","ocean_post_title_height":0,"ocean_post_title_bg_overlay":0.5,"ocean_post_title_bg_overlay_color":"","ocean_disable_breadcrumbs":"default","ocean_breadcrumbs_color":"","ocean_breadcrumbs_separator_color":"","ocean_breadcrumbs_links_color":"","ocean_breadcrumbs_links_hover_color":"","ocean_display_footer_widgets":"default","ocean_display_footer_bottom":"default","ocean_custom_footer_template":"","footnotes":""},"class_list":["post-408","page","type-page","status-publish","hentry","entry"],"_links":{"self":[{"href":"http:\/\/www.kosmetikstudio-kohls.de\/index.php?rest_route=\/wp\/v2\/pages\/408","targetHints":{"allow":["GET"]}}],"collection":[{"href":"http:\/\/www.kosmetikstudio-kohls.de\/index.php?rest_route=\/wp\/v2\/pages"}],"about":[{"href":"http:\/\/www.kosmetikstudio-kohls.de\/index.php?rest_route=\/wp\/v2\/types\/page"}],"author":[{"embeddable":true,"href":"http:\/\/www.kosmetikstudio-kohls.de\/index.php?rest_route=\/wp\/v2\/users\/1"}],"replies":[{"embeddable":true,"href":"http:\/\/www.kosmetikstudio-kohls.de\/index.php?rest_route=%2Fwp%2Fv2%2Fcomments&post=408"}],"version-history":[{"count":12,"href":"http:\/\/www.kosmetikstudio-kohls.de\/index.php?rest_route=\/wp\/v2\/pages\/408\/revisions"}],"predecessor-version":[{"id":489,"href":"http:\/\/www.kosmetikstudio-kohls.de\/index.php?rest_route=\/wp\/v2\/pages\/408\/revisions\/489"}],"wp:attachment":[{"href":"http:\/\/www.kosmetikstudio-kohls.de\/index.php?rest_route=%2Fwp%2Fv2%2Fmedia&parent=408"}],"curies":[{"name":"wp","href":"https:\/\/api.w.org\/{rel}","templated":true}]}}